{"id":2951,"date":"2018-06-21T07:50:40","date_gmt":"2018-06-21T07:50:40","guid":{"rendered":"https:\/\/ilborgoroccantica.com\/reviews\/"},"modified":"2023-07-26T12:46:37","modified_gmt":"2023-07-26T12:46:37","slug":"reviews","status":"publish","type":"page","link":"https:\/\/ilborgoroccantica.com\/en\/reviews\/","title":{"rendered":"Reviews"},"content":{"rendered":"\t\t<div data-elementor-type=\"wp-post\" data-elementor-id=\"2951\" class=\"elementor elementor-2951 elementor-407\">\n\t\t\t\t\t\t\t\t\t<section class=\"elementor-section elementor-top-section elementor-element elementor-element-2ca8a818 elementor-section-stretched elementor-section-height-min-height elementor-section-boxed elementor-section-height-default elementor-section-items-middle\" data-id=\"2ca8a818\" data-element_type=\"section\" data-settings=\"{&quot;stretch_section&quot;:&quot;section-stretched&quot;,&quot;background_background&quot;:&quot;classic&quot;,&quot;hoteller_ext_is_background_parallax&quot;:&quot;false&quot;,&quot;hoteller_ext_is_background_on_scroll&quot;:&quot;false&quot;}\">\n\t\t\t\t\t\t\t<div class=\"elementor-background-overlay\"><\/div>\n\t\t\t\t\t\t\t<div class=\"elementor-container elementor-column-gap-default\">\n\t\t\t\t\t<div class=\"elementor-column elementor-col-100 elementor-top-column elementor-element elementor-element-5231de89\" data-id=\"5231de89\" data-element_type=\"column\" data-settings=\"{&quot;hoteller_ext_link_sidemenu&quot;:&quot;false&quot;,&quot;hoteller_ext_link_fullmenu&quot;:&quot;false&quot;,&quot;hoteller_ext_link_closed_fullmenu&quot;:&quot;false&quot;,&quot;hoteller_ext_is_scrollme&quot;:&quot;false&quot;,&quot;hoteller_ext_is_smoove&quot;:&quot;false&quot;,&quot;hoteller_ext_is_parallax_mouse&quot;:&quot;false&quot;,&quot;hoteller_ext_is_infinite&quot;:&quot;false&quot;,&quot;hoteller_ext_is_fadeout_animation&quot;:&quot;false&quot;,&quot;hoteller_ext_mobile_static&quot;:&quot;false&quot;}\">\n\t\t\t<div class=\"elementor-widget-wrap elementor-element-populated\">\n\t\t\t\t\t\t\t\t<div class=\"elementor-element elementor-element-4b89cec0 elementor-invisible elementor-widget elementor-widget-heading\" data-id=\"4b89cec0\" data-element_type=\"widget\" data-settings=\"{&quot;_animation&quot;:&quot;fadeIn&quot;,&quot;hoteller_ext_link_sidemenu&quot;:&quot;false&quot;,&quot;hoteller_ext_link_fullmenu&quot;:&quot;false&quot;,&quot;hoteller_ext_link_closed_fullmenu&quot;:&quot;false&quot;,&quot;hoteller_ext_is_scrollme&quot;:&quot;false&quot;,&quot;hoteller_ext_is_smoove&quot;:&quot;false&quot;,&quot;hoteller_ext_is_parallax_mouse&quot;:&quot;false&quot;,&quot;hoteller_ext_is_infinite&quot;:&quot;false&quot;,&quot;hoteller_ext_is_fadeout_animation&quot;:&quot;false&quot;,&quot;hoteller_ext_mobile_static&quot;:&quot;false&quot;}\" data-widget_type=\"heading.default\">\n\t\t\t\t<div class=\"elementor-widget-container\">\n\t\t\t<style>\/*! elementor - v3.14.0 - 26-06-2023 *\/\n.elementor-heading-title{padding:0;margin:0;line-height:1}.elementor-widget-heading .elementor-heading-title[class*=elementor-size-]>a{color:inherit;font-size:inherit;line-height:inherit}.elementor-widget-heading .elementor-heading-title.elementor-size-small{font-size:15px}.elementor-widget-heading .elementor-heading-title.elementor-size-medium{font-size:19px}.elementor-widget-heading .elementor-heading-title.elementor-size-large{font-size:29px}.elementor-widget-heading .elementor-heading-title.elementor-size-xl{font-size:39px}.elementor-widget-heading .elementor-heading-title.elementor-size-xxl{font-size:59px}<\/style><h1 class=\"elementor-heading-title elementor-size-default\">Reviews<\/h1>\t\t<\/div>\n\t\t\t\t<\/div>\n\t\t\t\t<div class=\"elementor-element elementor-element-7075b3c6 elementor-invisible elementor-widget elementor-widget-heading\" data-id=\"7075b3c6\" data-element_type=\"widget\" data-settings=\"{&quot;_animation&quot;:&quot;fadeIn&quot;,&quot;_animation_delay&quot;:100,&quot;hoteller_ext_link_sidemenu&quot;:&quot;false&quot;,&quot;hoteller_ext_link_fullmenu&quot;:&quot;false&quot;,&quot;hoteller_ext_link_closed_fullmenu&quot;:&quot;false&quot;,&quot;hoteller_ext_is_scrollme&quot;:&quot;false&quot;,&quot;hoteller_ext_is_smoove&quot;:&quot;false&quot;,&quot;hoteller_ext_is_parallax_mouse&quot;:&quot;false&quot;,&quot;hoteller_ext_is_infinite&quot;:&quot;false&quot;,&quot;hoteller_ext_is_fadeout_animation&quot;:&quot;false&quot;,&quot;hoteller_ext_mobile_static&quot;:&quot;false&quot;}\" data-widget_type=\"heading.default\">\n\t\t\t\t<div class=\"elementor-widget-container\">\n\t\t\t<div class=\"elementor-heading-title elementor-size-default\">What our guests say about us<\/div>\t\t<\/div>\n\t\t\t\t<\/div>\n\t\t\t\t\t<\/div>\n\t\t<\/div>\n\t\t\t\t\t\t\t<\/div>\n\t\t<\/section>\n\t\t\t\t<section class=\"elementor-section elementor-top-section elementor-element elementor-element-1c5bde8 elementor-section-boxed elementor-section-height-default elementor-section-height-default\" data-id=\"1c5bde8\" data-element_type=\"section\" data-settings=\"{&quot;hoteller_ext_is_background_parallax&quot;:&quot;false&quot;,&quot;hoteller_ext_is_background_on_scroll&quot;:&quot;false&quot;}\">\n\t\t\t\t\t\t<div class=\"elementor-container elementor-column-gap-default\">\n\t\t\t\t\t<div class=\"elementor-column elementor-col-100 elementor-top-column elementor-element elementor-element-8cfd644\" data-id=\"8cfd644\" data-element_type=\"column\" data-settings=\"{&quot;hoteller_ext_link_sidemenu&quot;:&quot;false&quot;,&quot;hoteller_ext_link_fullmenu&quot;:&quot;false&quot;,&quot;hoteller_ext_link_closed_fullmenu&quot;:&quot;false&quot;,&quot;hoteller_ext_is_scrollme&quot;:&quot;false&quot;,&quot;hoteller_ext_is_smoove&quot;:&quot;false&quot;,&quot;hoteller_ext_is_parallax_mouse&quot;:&quot;false&quot;,&quot;hoteller_ext_is_infinite&quot;:&quot;false&quot;,&quot;hoteller_ext_is_fadeout_animation&quot;:&quot;false&quot;,&quot;hoteller_ext_mobile_static&quot;:&quot;false&quot;}\">\n\t\t\t<div class=\"elementor-widget-wrap\">\n\t\t\t\t\t\t\t\t\t<\/div>\n\t\t<\/div>\n\t\t\t\t\t\t\t<\/div>\n\t\t<\/section>\n\t\t\t\t<section class=\"elementor-section elementor-top-section elementor-element elementor-element-9c037a2 elementor-section-full_width elementor-section-height-default elementor-section-height-default\" data-id=\"9c037a2\" data-element_type=\"section\" data-settings=\"{&quot;hoteller_ext_is_background_parallax&quot;:&quot;false&quot;,&quot;hoteller_ext_is_background_on_scroll&quot;:&quot;false&quot;}\">\n\t\t\t\t\t\t<div class=\"elementor-container elementor-column-gap-default\">\n\t\t\t\t\t<div class=\"elementor-column elementor-col-100 elementor-top-column elementor-element elementor-element-318a9e3\" data-id=\"318a9e3\" data-element_type=\"column\" data-settings=\"{&quot;hoteller_ext_link_sidemenu&quot;:&quot;false&quot;,&quot;hoteller_ext_link_fullmenu&quot;:&quot;false&quot;,&quot;hoteller_ext_link_closed_fullmenu&quot;:&quot;false&quot;,&quot;hoteller_ext_is_scrollme&quot;:&quot;false&quot;,&quot;hoteller_ext_is_smoove&quot;:&quot;false&quot;,&quot;hoteller_ext_is_parallax_mouse&quot;:&quot;false&quot;,&quot;hoteller_ext_is_infinite&quot;:&quot;false&quot;,&quot;hoteller_ext_is_fadeout_animation&quot;:&quot;false&quot;,&quot;hoteller_ext_mobile_static&quot;:&quot;false&quot;}\">\n\t\t\t<div class=\"elementor-widget-wrap elementor-element-populated\">\n\t\t\t\t\t\t\t\t<div class=\"elementor-element elementor-element-4942c53 elementor-widget elementor-widget-spacer\" data-id=\"4942c53\" data-element_type=\"widget\" data-settings=\"{&quot;hoteller_ext_link_sidemenu&quot;:&quot;false&quot;,&quot;hoteller_ext_link_fullmenu&quot;:&quot;false&quot;,&quot;hoteller_ext_link_closed_fullmenu&quot;:&quot;false&quot;,&quot;hoteller_ext_is_scrollme&quot;:&quot;false&quot;,&quot;hoteller_ext_is_smoove&quot;:&quot;false&quot;,&quot;hoteller_ext_is_parallax_mouse&quot;:&quot;false&quot;,&quot;hoteller_ext_is_infinite&quot;:&quot;false&quot;,&quot;hoteller_ext_is_fadeout_animation&quot;:&quot;false&quot;,&quot;hoteller_ext_mobile_static&quot;:&quot;false&quot;}\" data-widget_type=\"spacer.default\">\n\t\t\t\t<div class=\"elementor-widget-container\">\n\t\t\t<style>\/*! elementor - v3.14.0 - 26-06-2023 *\/\n.elementor-column .elementor-spacer-inner{height:var(--spacer-size)}.e-con{--container-widget-width:100%}.e-con-inner>.elementor-widget-spacer,.e-con>.elementor-widget-spacer{width:var(--container-widget-width,var(--spacer-size));--align-self:var(--container-widget-align-self,initial);--flex-shrink:0}.e-con-inner>.elementor-widget-spacer>.elementor-widget-container,.e-con-inner>.elementor-widget-spacer>.elementor-widget-container>.elementor-spacer,.e-con>.elementor-widget-spacer>.elementor-widget-container,.e-con>.elementor-widget-spacer>.elementor-widget-container>.elementor-spacer{height:100%}.e-con-inner>.elementor-widget-spacer>.elementor-widget-container>.elementor-spacer>.elementor-spacer-inner,.e-con>.elementor-widget-spacer>.elementor-widget-container>.elementor-spacer>.elementor-spacer-inner{height:var(--container-widget-height,var(--spacer-size))}<\/style>\t\t<div class=\"elementor-spacer\">\n\t\t\t<div class=\"elementor-spacer-inner\"><\/div>\n\t\t<\/div>\n\t\t\t\t<\/div>\n\t\t\t\t<\/div>\n\t\t\t\t<div class=\"elementor-element elementor-element-4307939 elementor-widget elementor-widget-hoteller-testimonial-carousel\" data-id=\"4307939\" data-element_type=\"widget\" data-settings=\"{&quot;hoteller_ext_link_sidemenu&quot;:&quot;false&quot;,&quot;hoteller_ext_link_fullmenu&quot;:&quot;false&quot;,&quot;hoteller_ext_link_closed_fullmenu&quot;:&quot;false&quot;,&quot;hoteller_ext_is_scrollme&quot;:&quot;false&quot;,&quot;hoteller_ext_is_smoove&quot;:&quot;false&quot;,&quot;hoteller_ext_is_parallax_mouse&quot;:&quot;false&quot;,&quot;hoteller_ext_is_infinite&quot;:&quot;false&quot;,&quot;hoteller_ext_is_fadeout_animation&quot;:&quot;false&quot;,&quot;hoteller_ext_mobile_static&quot;:&quot;false&quot;}\" data-widget_type=\"hoteller-testimonial-carousel.default\">\n\t\t\t\t<div class=\"elementor-widget-container\">\n\t\t\t<div class=\"testimonials-carousel-wrapper\">\n\t<div class=\"owl-carousel\" data-pagination=\"0\" data-autoplay=\"1\" data-timer=\"8000\">\n\t\t\t<div class=\"item\">\n\t\t\t\t<div class=\"shadow-effect\">\t\n\t\t\t\t\t\n\t\t          \t\t\t\t\t\t\t<div class=\"testimonial-info-desc\">\n\t\t\t\t\t\t\t2nd review because it\u2019s worth saying twice! We came back to the Borgo because we had such a wonderful stay the first time in 2017. The upgrades to the apartment (two brand new bathrooms, TV with Netflix and Amazon etc) have been good improvements on what was already hard to improve. Again, the host and caretakers have taken excellent care of us, and the restaurant below still has delicious food. Quiet, peaceful, charming and beautiful place. We\u2019re pleased to call ourselves regulars now, and shall certainly keep returning.\t\t\t\t\t\t<\/div>\n\t\t\t\t\t\t\t\t\t\t\n\t\t\t\t\t\t\t\t\t\t\n\t\t\t\t\t\t\t\t\t\t \t<div class=\"testimonial-name\">F&amp;G, Glasgow<\/div>\n\t\t\t\t\t\t\t\t<\/div>\n\t\t<\/div>\n\t\t\t<div class=\"item\">\n\t\t\t\t<div class=\"shadow-effect\">\t\n\t\t\t\t\t\n\t\t          \t\t\t\t\t\t\t<div class=\"testimonial-info-desc\">\n\t\t\t\t\t\t\tA magical weekend getaway from Rome! It was a short, pleasant drive. We felt like royalty the moment we stepped into del Conte apartment. Alongside the historic and beautiful things, the apartment has every modern comfort. In unseasonably cold weather, it was soul-warming to step into a warm apartment, with modern bathrooms, wonderfully hot showers, wi-fi, and then to have the fireplace-well, it was difficult to leave! The art in the apartment &amp; views outside are stunning. The food at Le Cucine del Borgo was simply marvelous. Ali made us feel like we had come home to family. We will be back.\t\t\t\t\t\t<\/div>\n\t\t\t\t\t\t\t\t\t\t\n\t\t\t\t\t\t\t\t\t\t\n\t\t\t\t\t\t\t\t\t\t \t<div class=\"testimonial-name\">VARANYA,\nMay 2019<\/div>\n\t\t\t\t\t\t\t\t<\/div>\n\t\t<\/div>\n\t\t\t<div class=\"item\">\n\t\t\t\t<div class=\"shadow-effect\">\t\n\t\t\t\t\t\n\t\t          \t\t\t\t\t\t\t<div class=\"testimonial-info-desc\">\n\t\t\t\t\t\t\tWe loved our week staying here. A little quirky, artie and very beautiful. Marzina kept us well informed with details of the place and how to get there, and Ali was on hand when we needed anything, but only when we asked \u2013 all beautifully discreet and private. You really need a car to stay here, but once here, it\u2019s hard to pull oneself away. Fantastic views from the Torretto, gorgeous walks through the village and forest, and our best chilled out holiday for years. We are already planning our return visit \u2013 can\u2019t say better than that!\t\t\t\t\t\t<\/div>\n\t\t\t\t\t\t\t\t\t\t\n\t\t\t\t\t\t\t\t\t\t\n\t\t\t\t\t\t\t\t\t\t \t<div class=\"testimonial-name\">BEVERLEY, OXFORD\nSep 2017<\/div>\n\t\t\t\t\t\t\t\t<\/div>\n\t\t<\/div>\n\t\t\t<div class=\"item\">\n\t\t\t\t<div class=\"shadow-effect\">\t\n\t\t\t\t\t\n\t\t          \t\t\t\t\t\t\t<div class=\"testimonial-info-desc\">\n\t\t\t\t\t\t\t\u201cDIMORA SIGNORILE E DELIZIOSO GIARDINO A GRADONI\u201d\nUn soggiorno piacevolissimo in un posto incantevole nelle colline con il fascino dei secoli passati e le comodit\u00e0 di oggi. I nostri 2 adolescenti sono stati felici quanto noi !\t\t\t\t\t\t<\/div>\n\t\t\t\t\t\t\t\t\t\t\n\t\t\t\t\t\t\t\t\t\t\n\t\t\t\t\t\t\t\t\t\t \t<div class=\"testimonial-name\">DANIELLE C.\nJul 2017<\/div>\n\t\t\t\t\t\t\t\t<\/div>\n\t\t<\/div>\n\t\t\t<div class=\"item\">\n\t\t\t\t<div class=\"shadow-effect\">\t\n\t\t\t\t\t\n\t\t          \t\t\t\t\t\t\t<div class=\"testimonial-info-desc\">\n\t\t\t\t\t\t\tBEAUTIFUL APARTMENT AND LOCATION.\nHad a great holiday at il Borgo de Roccantica. Everything you needed at the apartment. Reminded us of a stately home. The views are breathtaking. You get a bit of exercise in the short walk up the hill to the pool but well worth it. A little bit of paradise.\t\t\t\t\t\t<\/div>\n\t\t\t\t\t\t\t\t\t\t\n\t\t\t\t\t\t\t\t\t\t\n\t\t\t\t\t\t\t\t\t\t \t<div class=\"testimonial-name\">GEORGINA G.\nAug 2016<\/div>\n\t\t\t\t\t\t\t\t<\/div>\n\t\t<\/div>\n\t\t\t<div class=\"item\">\n\t\t\t\t<div class=\"shadow-effect\">\t\n\t\t\t\t\t\n\t\t          \t\t\t\t\t\t\t<div class=\"testimonial-info-desc\">\n\t\t\t\t\t\t\tA TRULY AMAZING AND BEAUTIFUL PROPERTY.\nWhat a lovely and relaxing place to unwind. It was a little cool when we arrived but Ali had the fire going and we were met with such a warm welcome. The property is very well appointed and we just loved it. The view from the balcony is spectacular. The place was clean and very well laid out. The service was outstanding from the start and although our friends were a little older they found it quite easy to get around the property. I wish we could have stayed longer. We will be back.\t\t\t\t\t\t<\/div>\n\t\t\t\t\t\t\t\t\t\t\n\t\t\t\t\t\t\t\t\t\t\n\t\t\t\t\t\t\t\t\t\t \t<div class=\"testimonial-name\">ROB H.\nDec 2015<\/div>\n\t\t\t\t\t\t\t\t<\/div>\n\t\t<\/div>\n\t\t\t<div class=\"item\">\n\t\t\t\t<div class=\"shadow-effect\">\t\n\t\t\t\t\t\n\t\t          \t\t\t\t\t\t\t<div class=\"testimonial-info-desc\">\n\t\t\t\t\t\t\tWONDERFUL STAY!\nWe spent a glorious week in this charming location. We rented the tower for my parents and stayed in the main apartment with its beautiful frescos, terrace and large, well equipped kitchen. We also hired the pool where we went every evening for a dip. It was 40 degrees Celsius daily! The apartment stayed cool and was a lovely place for the whole family. Roccantica is a beautiful, medieval village, built on a steep hill. The Borgo is not steep, but once you leave the enclosure if the Borgo, it is steps, steps, steps. This was challenging for my elderly parents in the heat, so we chose our activity time carefully. Highlights were lunch in Casperia ( Johnny \u2018s Vigna at the entrance to the old town) and day trip yo Rome( very easy). Roccantica is a calm, quiet place. For my children, books, games and art were ways to pass the time when it was too hot outside. This apartment was a great place to relax and escape the heat. Special mention of Ali and the Countessa for their help and friendship. Highly recommended!\t\t\t\t\t\t<\/div>\n\t\t\t\t\t\t\t\t\t\t\n\t\t\t\t\t\t\t\t\t\t\n\t\t\t\t\t\t\t\t\t\t \t<div class=\"testimonial-name\">KEES K. Jul 2015<\/div>\n\t\t\t\t\t\t\t\t<\/div>\n\t\t<\/div>\n\t\t\t<div class=\"item\">\n\t\t\t\t<div class=\"shadow-effect\">\t\n\t\t\t\t\t\n\t\t          \t\t\t\t\t\t\t<div class=\"testimonial-info-desc\">\n\t\t\t\t\t\t\tWUNDERVOLL UND BEEINDRUCKEND!\nWir (4 Frauen) verbrachten eine Woche in der angebotenen Wohnung. Uns standen 1 Doppelbett und 2 Einzelbetten zur Verf\u00fcgung, bei Bedarf h\u00e4tten wir auch mehr buchen k\u00f6nnen. Die Wohnung ist hatte zwei B\u00e4der und ausreichend Stauraum f\u00fcr W\u00e4sche und Co.\nDie Bilder entsprechen der Realit\u00e4t. Sie ist bezaubernd eingerichtet und hat alles, was man in einer Woche Urlaub ben\u00f6tigt. Alles wirkt, als mache man Urlaub im 17. Jahrhundert, mit dem Bequemlichkeiten von heute.\nDie Betreuung Vorort lies keine W\u00fcnsche offen. Hilfe war jederzeit da, wenn man sie denn brauchte.\nWer Ruhe sucht, ist hier genau richtig. Das Dorf ist idyllisch und einladend. Die Menschen sind freundlich und aufgeschlossen.\nWer m\u00f6chte, kann sportlich aktiv sein. Es gibt zahlreiche M\u00f6glichkeiten in der N\u00e4he. Der Vermieter gibt gute Tips. Mir pers\u00f6nlich haben die Wanderm\u00f6glichkeiten sehr gefallen.\nIch kann alles in allem nur empfehlen. Ich w\u00fcrde wieder kommen.\nViele Gr\u00fc\u00dfe\t\t\t\t\t\t<\/div>\n\t\t\t\t\t\t\t\t\t\t\n\t\t\t\t\t\t\t\t\t\t\n\t\t\t\t\t\t\t\t\t\t \t<div class=\"testimonial-name\">CONNI K.\nApr 2015<\/div>\n\t\t\t\t\t\t\t\t<\/div>\n\t\t<\/div>\n\t\t\t<div class=\"item\">\n\t\t\t\t<div class=\"shadow-effect\">\t\n\t\t\t\t\t\n\t\t          \t\t\t\t\t\t\t<div class=\"testimonial-info-desc\">\n\t\t\t\t\t\t\tA BEAUTIFUL STAY IN THE SABINA REGION\nWe enjoyed a wonderful stay at this property that is located in the medieval village of Roccantica in the Sabina region about one hour north of Rome. The property was very well kept and the apartments were very clean and well maintained. We would recommend this property to anyone. Also, great staff.\n\t\t\t\t\t\t<\/div>\n\t\t\t\t\t\t\t\t\t\t\n\t\t\t\t\t\t\t\t\t\t\n\t\t\t\t\t\t\t\t\t\t \t<div class=\"testimonial-name\">MARTIN E.<\/div>\n\t\t\t\t\t\t\t\t<\/div>\n\t\t<\/div>\n\t\t\t<div class=\"item\">\n\t\t\t\t<div class=\"shadow-effect\">\t\n\t\t\t\t\t\n\t\t          \t\t\t\t\t\t\t<div class=\"testimonial-info-desc\">\n\t\t\t\t\t\t\tBEST KEPT SECRET IN ITALY\nIf you want to feel almost royal this is the place to be, a very large and comfortable apartment with a stunning view, 2 comfortable bedrooms, 2 livingrooms, one diningroom, fully equipped kitchen and a terras. To make you stay complete, book also the private garden and swimmingpool. The owner is more then helpfull and during our stay Ali helped us several times with good advises and nice tips. From here it is also easy to take the train to Rome.\t\t\t\t\t\t<\/div>\n\t\t\t\t\t\t\t\t\t\t\n\t\t\t\t\t\t\t\t\t\t\n\t\t\t\t\t\t\t\t\t\t \t<div class=\"testimonial-name\">RICHARD R. Aug 2014<\/div>\n\t\t\t\t\t\t\t\t<\/div>\n\t\t<\/div>\n\t\t\t<div class=\"item\">\n\t\t\t\t<div class=\"shadow-effect\">\t\n\t\t\t\t\t\n\t\t          \t\t\t\t\t\t\t<div class=\"testimonial-info-desc\">\n\t\t\t\t\t\t\tPLEASANT AND BEAUTIFUL\nWe found the apartment very good. And everything was indeed up to our expectations after seeing the listing on the web. We enjoyed very much the atmosphere and the beauty of it all. The balcony works extremely well and the view is spectacular. We also rented the private garden and pool which was also fantastic. The property in its totality is very very beautiful. The village itself is interesting to move around in and the atmosphere great. The apartment is very well managed and the local manager very friendly, helpful and flexible. Highly recommended.\t\t\t\t\t\t<\/div>\n\t\t\t\t\t\t\t\t\t\t\n\t\t\t\t\t\t\t\t\t\t\n\t\t\t\t\t\t\t\t\t\t \t<div class=\"testimonial-name\">JETTE N.\nJul 2014<\/div>\n\t\t\t\t\t\t\t\t<\/div>\n\t\t<\/div>\n\t<\/div>\n<\/div>\n\t\t<\/div>\n\t\t\t\t<\/div>\n\t\t\t\t\t<\/div>\n\t\t<\/div>\n\t\t\t\t\t\t\t<\/div>\n\t\t<\/section>\n\t\t\t\t<section class=\"elementor-section elementor-top-section elementor-element elementor-element-1774a0c elementor-section-height-min-height elementor-section-stretched elementor-section-boxed elementor-section-height-default elementor-section-items-middle\" data-id=\"1774a0c\" data-element_type=\"section\" data-settings=\"{&quot;stretch_section&quot;:&quot;section-stretched&quot;,&quot;background_background&quot;:&quot;classic&quot;,&quot;shape_divider_bottom&quot;:&quot;arrow&quot;,&quot;hoteller_ext_is_background_parallax&quot;:&quot;false&quot;,&quot;hoteller_ext_is_background_on_scroll&quot;:&quot;false&quot;}\">\n\t\t\t\t\t\t\t<div class=\"elementor-background-overlay\"><\/div>\n\t\t\t\t\t\t<div class=\"elementor-shape elementor-shape-bottom\" data-negative=\"false\">\n\t\t\t<svg xmlns=\"http:\/\/www.w3.org\/2000\/svg\" viewBox=\"0 0 700 10\" preserveAspectRatio=\"none\">\n\t<path class=\"elementor-shape-fill\" d=\"M350,10L340,0h20L350,10z\"\/>\n<\/svg>\t\t<\/div>\n\t\t\t\t\t<div class=\"elementor-container elementor-column-gap-default\">\n\t\t\t\t\t<div class=\"elementor-column elementor-col-100 elementor-top-column elementor-element elementor-element-a57b8a0\" data-id=\"a57b8a0\" data-element_type=\"column\" data-settings=\"{&quot;hoteller_ext_link_sidemenu&quot;:&quot;false&quot;,&quot;hoteller_ext_link_fullmenu&quot;:&quot;false&quot;,&quot;hoteller_ext_link_closed_fullmenu&quot;:&quot;false&quot;,&quot;hoteller_ext_is_scrollme&quot;:&quot;false&quot;,&quot;hoteller_ext_is_smoove&quot;:&quot;false&quot;,&quot;hoteller_ext_is_parallax_mouse&quot;:&quot;false&quot;,&quot;hoteller_ext_is_infinite&quot;:&quot;false&quot;,&quot;hoteller_ext_is_fadeout_animation&quot;:&quot;false&quot;,&quot;hoteller_ext_mobile_static&quot;:&quot;false&quot;}\">\n\t\t\t<div class=\"elementor-widget-wrap\">\n\t\t\t\t\t\t\t\t\t<\/div>\n\t\t<\/div>\n\t\t\t\t\t\t\t<\/div>\n\t\t<\/section>\n\t\t\t\t\t\t\t<\/div>\n\t\t","protected":false},"excerpt":{"rendered":"<p>Reviews What our guests say about us 2nd review because it\u2019s worth saying twice! We came back to the Borgo because we had such a wonderful stay the first time in 2017. The upgrades to the apartment (two brand new [&hellip;]<\/p>\n","protected":false},"author":1,"featured_media":0,"parent":0,"menu_order":0,"comment_status":"closed","ping_status":"closed","template":"","meta":[],"aioseo_notices":[],"_links":{"self":[{"href":"https:\/\/ilborgoroccantica.com\/en\/wp-json\/wp\/v2\/pages\/2951"}],"collection":[{"href":"https:\/\/ilborgoroccantica.com\/en\/wp-json\/wp\/v2\/pages"}],"about":[{"href":"https:\/\/ilborgoroccantica.com\/en\/wp-json\/wp\/v2\/types\/page"}],"author":[{"embeddable":true,"href":"https:\/\/ilborgoroccantica.com\/en\/wp-json\/wp\/v2\/users\/1"}],"replies":[{"embeddable":true,"href":"https:\/\/ilborgoroccantica.com\/en\/wp-json\/wp\/v2\/comments?post=2951"}],"version-history":[{"count":2,"href":"https:\/\/ilborgoroccantica.com\/en\/wp-json\/wp\/v2\/pages\/2951\/revisions"}],"predecessor-version":[{"id":2975,"href":"https:\/\/ilborgoroccantica.com\/en\/wp-json\/wp\/v2\/pages\/2951\/revisions\/2975"}],"wp:attachment":[{"href":"https:\/\/ilborgoroccantica.com\/en\/wp-json\/wp\/v2\/media?parent=2951"}],"curies":[{"name":"wp","href":"https:\/\/api.w.org\/{rel}","templated":true}]}}